{"id":690,"date":"2025-11-22T12:39:13","date_gmt":"2025-11-22T15:39:13","guid":{"rendered":"https:\/\/ponterasa.com.br\/consultas\/?page_id=690"},"modified":"2025-11-22T13:50:53","modified_gmt":"2025-11-22T16:50:53","slug":"como-consultar","status":"publish","type":"page","link":"https:\/\/ponterasa.com.br\/consultas\/como-consultar\/","title":{"rendered":"Como Consultar"},"content":{"rendered":"\t\t<div data-elementor-type=\"wp-page\" data-elementor-id=\"690\" class=\"elementor elementor-690\" data-elementor-post-type=\"page\">\n\t\t\t\t\t\t<section class=\"elementor-section elementor-top-section elementor-element elementor-element-b0d5b59 elementor-section-full_width elementor-section-height-min-height elementor-section-height-default elementor-section-items-middle\" data-id=\"b0d5b59\" data-element_type=\"section\" data-settings=\"{&quot;background_background&quot;:&quot;classic&quot;}\">\n\t\t\t\t\t\t\t<div class=\"elementor-background-overlay\"><\/div>\n\t\t\t\t\t\t\t<div class=\"elementor-container elementor-column-gap-no\">\n\t\t\t\t\t<div class=\"elementor-column elementor-col-100 elementor-top-column elementor-element elementor-element-075c120\" data-id=\"075c120\" data-element_type=\"column\">\n\t\t\t<div class=\"elementor-widget-wrap\">\n\t\t\t\t\t\t\t<\/div>\n\t\t<\/div>\n\t\t\t\t\t<\/div>\n\t\t<\/section>\n\t\t\t\t<section class=\"elementor-section elementor-top-section elementor-element elementor-element-9797488 elementor-section-boxed elementor-section-height-default elementor-section-height-default\" data-id=\"9797488\" data-element_type=\"section\">\n\t\t\t\t\t\t<div class=\"elementor-container elementor-column-gap-no\">\n\t\t\t\t\t<div class=\"elementor-column elementor-col-100 elementor-top-column elementor-element elementor-element-202e276\" data-id=\"202e276\" data-element_type=\"column\">\n\t\t\t<div class=\"elementor-widget-wrap elementor-element-populated\">\n\t\t\t\t\t\t<div class=\"elementor-element elementor-element-983c41b elementor-widget elementor-widget-accordion\" data-id=\"983c41b\" data-element_type=\"widget\" data-widget_type=\"accordion.default\">\n\t\t\t\t<div class=\"elementor-widget-container\">\n\t\t\t\t\t\t\t<div class=\"elementor-accordion\">\n\t\t\t\t\t\t\t<div class=\"elementor-accordion-item\">\n\t\t\t\t\t<div id=\"elementor-tab-title-1591\" class=\"elementor-tab-title\" data-tab=\"1\" role=\"button\" aria-controls=\"elementor-tab-content-1591\" aria-expanded=\"false\">\n\t\t\t\t\t\t\t\t\t\t\t\t\t<span class=\"elementor-accordion-icon elementor-accordion-icon-left\" aria-hidden=\"true\">\n\t\t\t\t\t\t\t\t\t\t\t\t\t\t\t<span class=\"elementor-accordion-icon-closed\"><i class=\"fas fa-plus\"><\/i><\/span>\n\t\t\t\t\t\t\t\t<span class=\"elementor-accordion-icon-opened\"><i class=\"fas fa-minus\"><\/i><\/span>\n\t\t\t\t\t\t\t\t\t\t\t\t\t\t<\/span>\n\t\t\t\t\t\t\t\t\t\t\t\t<a class=\"elementor-accordion-title\" tabindex=\"0\">COMO CONSULTAR - PR\u00c9 PAGO<\/a>\n\t\t\t\t\t<\/div>\n\t\t\t\t\t<div id=\"elementor-tab-content-1591\" class=\"elementor-tab-content elementor-clearfix\" data-tab=\"1\" role=\"region\" aria-labelledby=\"elementor-tab-title-1591\"><p>1.\u00a0Primeiramente \u00e9 necess\u00e1rio preencher o cadastro de associado. Caso n\u00e3o seja associado clique aqui.<br \/>2.\u00a0Acesse o sistema informando seu CNPJ e a senha cadastrada.<br \/>3.\u00a0Adquira Cr\u00e9ditos. Os valores para a inser\u00e7\u00e3o de cr\u00e9ditos variam de R$ 60,00 a R$ 1.000,00.<br \/>4.\u00a0Ap\u00f3s efetuar o pagamento, o prazo para inser\u00e7\u00e3o do cr\u00e9dito \u00e9 de 24 horas de acordo com a comprova\u00e7\u00e3o por parte do banco, fax ou scaneado em caso de deposito.<\/p><p>&#8211; Ap\u00f3s se cadastrar, adquirir cr\u00e9ditos e conhecer nossos produtos e servi\u00e7os, \u00e9 s\u00f3 efetuar consultas.<\/p><\/div>\n\t\t\t\t<\/div>\n\t\t\t\t\t\t\t<div class=\"elementor-accordion-item\">\n\t\t\t\t\t<div id=\"elementor-tab-title-1592\" class=\"elementor-tab-title\" data-tab=\"2\" role=\"button\" aria-controls=\"elementor-tab-content-1592\" aria-expanded=\"false\">\n\t\t\t\t\t\t\t\t\t\t\t\t\t<span class=\"elementor-accordion-icon elementor-accordion-icon-left\" aria-hidden=\"true\">\n\t\t\t\t\t\t\t\t\t\t\t\t\t\t\t<span class=\"elementor-accordion-icon-closed\"><i class=\"fas fa-plus\"><\/i><\/span>\n\t\t\t\t\t\t\t\t<span class=\"elementor-accordion-icon-opened\"><i class=\"fas fa-minus\"><\/i><\/span>\n\t\t\t\t\t\t\t\t\t\t\t\t\t\t<\/span>\n\t\t\t\t\t\t\t\t\t\t\t\t<a class=\"elementor-accordion-title\" tabindex=\"0\">COMO CONSULTAR - P\u00d3S PAGO<\/a>\n\t\t\t\t\t<\/div>\n\t\t\t\t\t<div id=\"elementor-tab-content-1592\" class=\"elementor-tab-content elementor-clearfix\" data-tab=\"2\" role=\"region\" aria-labelledby=\"elementor-tab-title-1592\"><p><strong>**<\/strong>\u00a0Consultas\u00a0<strong>P\u00d3S PAGAS<\/strong>\u00a0entrar em contato para falar com um consultor,\u00a0<strong><a href=\"https:\/\/ponterasa.com.br\/consultas\/contato\/\">clique aqui.<\/a><\/strong><\/p><\/div>\n\t\t\t\t<\/div>\n\t\t\t\t\t\t\t\t<\/div>\n\t\t\t\t\t\t<\/div>\n\t\t\t\t<\/div>\n\t\t\t\t\t<\/div>\n\t\t<\/div>\n\t\t\t\t\t<\/div>\n\t\t<\/section>\n\t\t\t\t<section class=\"elementor-section elementor-top-section elementor-element elementor-element-6ee1b5b elementor-section-boxed elementor-section-height-default elementor-section-height-default\" data-id=\"6ee1b5b\" data-element_type=\"section\">\n\t\t\t\t\t\t<div class=\"elementor-container elementor-column-gap-no\">\n\t\t\t\t\t<div class=\"elementor-column elementor-col-100 elementor-top-column elementor-element elementor-element-406876a\" data-id=\"406876a\" data-element_type=\"column\">\n\t\t\t<div class=\"elementor-widget-wrap elementor-element-populated\">\n\t\t\t\t\t\t<div class=\"elementor-element elementor-element-ab44968 elementor-widget elementor-widget-heading\" data-id=\"ab44968\" data-element_type=\"widget\" data-widget_type=\"heading.default\">\n\t\t\t\t<div class=\"elementor-widget-container\">\n\t\t\t\t\t<h2 class=\"elementor-heading-title elementor-size-default\">Perguntas Frequentes<\/h2>\t\t\t\t<\/div>\n\t\t\t\t<\/div>\n\t\t\t\t<div class=\"elementor-element elementor-element-e64ffbe elementor-widget elementor-widget-text-editor\" data-id=\"e64ffbe\" data-element_type=\"widget\" data-widget_type=\"text-editor.default\">\n\t\t\t\t<div class=\"elementor-widget-container\">\n\t\t\t\t\t\t\t\t\t<p><strong>1.\u00a0Como obtenho cr\u00e9dito para realizar as consultas?<\/strong><br \/>&#8211; O pagamento \u00e9 feito antecipadamente. Ap\u00f3s o cadastro basta acessar o sistema e adquirir o valor que deseja em cr\u00e9ditos. Depois de confirmado o pagamento, o valor pago ser\u00e1 inserido em sua conta e a cada consulta efetuada o valor referente \u00e0 mesma ser\u00e1 debitado da conta no sistema de consultas.<\/p><p><strong>2.\u00a0Ap\u00f3s o pagamento, em quanto tempo o cr\u00e9dito \u00e9 inserido em minha conta?<\/strong><br \/>&#8211; Ap\u00f3s efetuar o pagamento, o prazo para inser\u00e7\u00e3o do cr\u00e9dito \u00e9 de 24 a 72 horas de acordo com os prazos estabelecidos pelo PagSeguro UOL.<br \/>&#8211; Esses prazos obedecem \u00e0s normas das operadoras de cart\u00e3o de cr\u00e9dito e da rede banc\u00e1ria.<\/p><p><strong>3.\u00a0Meus cr\u00e9ditos podem ser utilizados para efetuar qualquer tipo de consulta?<\/strong><br \/>&#8211; Os cr\u00e9ditos s\u00e3o validos para qualquer tipo de consulta e a cada utiliza\u00e7\u00e3o, o valor da consulta \u00e9 debitado de sua conta no sistema.<\/p><p><strong>4.\u00a0Preciso pagar alguma mensalidade para utilizar o site?<\/strong><br \/>&#8211; N\u00e3o \u00e9 necess\u00e1rio realizar o pagamento de nenhum tipo de mensalidade. S\u00f3 \u00e9 necess\u00e1rio adquirir os cr\u00e9ditos e realizar as consultas.<\/p>\t\t\t\t\t\t\t\t<\/div>\n\t\t\t\t<\/div>\n\t\t\t\t\t<\/div>\n\t\t<\/div>\n\t\t\t\t\t<\/div>\n\t\t<\/section>\n\t\t\t\t<\/div>\n\t\t","protected":false},"excerpt":{"rendered":"<p>COMO CONSULTAR &#8211; PR\u00c9 PAGO 1.\u00a0Primeiramente \u00e9 necess\u00e1rio preencher o cadastro de associado. Caso n\u00e3o seja associado clique aqui.2.\u00a0Acesse o sistema informando seu CNPJ e a senha cadastrada.3.\u00a0Adquira Cr\u00e9ditos. Os valores para a inser\u00e7\u00e3o de cr\u00e9ditos variam de R$ 60,00 a R$ 1.000,00.4.\u00a0Ap\u00f3s efetuar o pagamento, o prazo para inser\u00e7\u00e3o do cr\u00e9dito \u00e9 de 24 [&hellip;]<\/p>\n","protected":false},"author":2,"featured_media":0,"parent":0,"menu_order":0,"comment_status":"closed","ping_status":"closed","template":"elementor_header_footer","meta":{"footnotes":""},"class_list":["post-690","page","type-page","status-publish","hentry"],"_links":{"self":[{"href":"https:\/\/ponterasa.com.br\/consultas\/wp-json\/wp\/v2\/pages\/690","targetHints":{"allow":["GET"]}}],"collection":[{"href":"https:\/\/ponterasa.com.br\/consultas\/wp-json\/wp\/v2\/pages"}],"about":[{"href":"https:\/\/ponterasa.com.br\/consultas\/wp-json\/wp\/v2\/types\/page"}],"author":[{"embeddable":true,"href":"https:\/\/ponterasa.com.br\/consultas\/wp-json\/wp\/v2\/users\/2"}],"replies":[{"embeddable":true,"href":"https:\/\/ponterasa.com.br\/consultas\/wp-json\/wp\/v2\/comments?post=690"}],"version-history":[{"count":25,"href":"https:\/\/ponterasa.com.br\/consultas\/wp-json\/wp\/v2\/pages\/690\/revisions"}],"predecessor-version":[{"id":773,"href":"https:\/\/ponterasa.com.br\/consultas\/wp-json\/wp\/v2\/pages\/690\/revisions\/773"}],"wp:attachment":[{"href":"https:\/\/ponterasa.com.br\/consultas\/wp-json\/wp\/v2\/media?parent=690"}],"curies":[{"name":"wp","href":"https:\/\/api.w.org\/{rel}","templated":true}]}}