{"id":696,"date":"2025-11-22T12:43:01","date_gmt":"2025-11-22T15:43:01","guid":{"rendered":"https:\/\/ponterasa.com.br\/consultas\/?page_id=696"},"modified":"2025-11-22T13:48:33","modified_gmt":"2025-11-22T16:48:33","slug":"produtos","status":"publish","type":"page","link":"https:\/\/ponterasa.com.br\/consultas\/produtos\/","title":{"rendered":"Produtos"},"content":{"rendered":"\t\t<div data-elementor-type=\"wp-page\" data-elementor-id=\"696\" class=\"elementor elementor-696\" data-elementor-post-type=\"page\">\n\t\t\t\t\t\t<section class=\"elementor-section elementor-top-section elementor-element elementor-element-50c501d elementor-section-full_width elementor-section-height-min-height elementor-section-height-default elementor-section-items-middle\" data-id=\"50c501d\" data-element_type=\"section\" data-settings=\"{&quot;background_background&quot;:&quot;classic&quot;}\">\n\t\t\t\t\t\t\t<div class=\"elementor-background-overlay\"><\/div>\n\t\t\t\t\t\t\t<div class=\"elementor-container elementor-column-gap-no\">\n\t\t\t\t\t<div class=\"elementor-column elementor-col-100 elementor-top-column elementor-element elementor-element-80265e0\" data-id=\"80265e0\" data-element_type=\"column\">\n\t\t\t<div class=\"elementor-widget-wrap\">\n\t\t\t\t\t\t\t<\/div>\n\t\t<\/div>\n\t\t\t\t\t<\/div>\n\t\t<\/section>\n\t\t\t\t<section class=\"elementor-section elementor-top-section elementor-element elementor-element-f1bce67 elementor-section-boxed elementor-section-height-default elementor-section-height-default\" data-id=\"f1bce67\" data-element_type=\"section\">\n\t\t\t\t\t\t<div class=\"elementor-container elementor-column-gap-no\">\n\t\t\t\t\t<div class=\"elementor-column elementor-col-100 elementor-top-column elementor-element elementor-element-45728af\" data-id=\"45728af\" data-element_type=\"column\">\n\t\t\t<div class=\"elementor-widget-wrap elementor-element-populated\">\n\t\t\t\t\t\t<div class=\"elementor-element elementor-element-7843c9e elementor-widget elementor-widget-accordion\" data-id=\"7843c9e\" data-element_type=\"widget\" data-widget_type=\"accordion.default\">\n\t\t\t\t<div class=\"elementor-widget-container\">\n\t\t\t\t\t\t\t<div class=\"elementor-accordion\">\n\t\t\t\t\t\t\t<div class=\"elementor-accordion-item\">\n\t\t\t\t\t<div id=\"elementor-tab-title-1261\" class=\"elementor-tab-title\" data-tab=\"1\" role=\"button\" aria-controls=\"elementor-tab-content-1261\" aria-expanded=\"false\">\n\t\t\t\t\t\t\t\t\t\t\t\t\t<span class=\"elementor-accordion-icon elementor-accordion-icon-left\" aria-hidden=\"true\">\n\t\t\t\t\t\t\t\t\t\t\t\t\t\t\t<span class=\"elementor-accordion-icon-closed\"><i class=\"fas fa-plus\"><\/i><\/span>\n\t\t\t\t\t\t\t\t<span class=\"elementor-accordion-icon-opened\"><i class=\"fas fa-minus\"><\/i><\/span>\n\t\t\t\t\t\t\t\t\t\t\t\t\t\t<\/span>\n\t\t\t\t\t\t\t\t\t\t\t\t<a class=\"elementor-accordion-title\" tabindex=\"0\">Consulta SCPC<\/a>\n\t\t\t\t\t<\/div>\n\t\t\t\t\t<div id=\"elementor-tab-content-1261\" class=\"elementor-tab-content elementor-clearfix\" data-tab=\"1\" role=\"region\" aria-labelledby=\"elementor-tab-title-1261\"><ul><li>Sistema de informa\u00e7\u00f5es cadastrais criado para reduzir os riscos e aumentar a confiabilidade nas opera\u00e7\u00f5es de cr\u00e9dito do com\u00e9rcio varejista, ampliando o acesso aos bens de consumo para os consumidores e protegendo os empres\u00e1rios contra perdas decorrentes da inadimpl\u00eancia.<\/li><li>A partir do fornecimento do CPF, NOME, DATA DE NASCIMENTO, N\u00daMERO DE TELEFONE FIXO, voc\u00ea poder\u00e1 receber as seguintes respostas:<br \/>&#8211; Nome e documento confirmado pela Receita Federal;<br \/>&#8211; Resumo dos dados apresentados na resposta com link para o seu detalhamento;<br \/>&#8211; Orienta\u00e7\u00f5es sobre os pontos que se deve ter aten\u00e7\u00e3o em fun\u00e7\u00e3o das respostas apresentadas na consulta;<br \/>&#8211; Confirma\u00e7\u00e3o de endere\u00e7o vinculado ao telefone consultado;<br \/>&#8211; Telefone fixo vinculado ao CPF consultado;<br \/>&#8211; Telefones fornecidos nas consultas anteriores para o CPF consultado;<br \/>&#8211; Informa\u00e7\u00f5es de Cheques sem fundos do Banco Central (Cheque BACEN);<br \/>&#8211; Informa\u00e7\u00f5es de Registros de SCPC;<br \/>&#8211; Alerta Legal \u2013 Registro Policial;<br \/>&#8211; Alerta Nacional de documentos roubados ou extraviados;<br \/>&#8211; Participa\u00e7\u00e3o na JUCERJA.<\/li><\/ul><\/div>\n\t\t\t\t<\/div>\n\t\t\t\t\t\t\t<div class=\"elementor-accordion-item\">\n\t\t\t\t\t<div id=\"elementor-tab-title-1262\" class=\"elementor-tab-title\" data-tab=\"2\" role=\"button\" aria-controls=\"elementor-tab-content-1262\" aria-expanded=\"false\">\n\t\t\t\t\t\t\t\t\t\t\t\t\t<span class=\"elementor-accordion-icon elementor-accordion-icon-left\" aria-hidden=\"true\">\n\t\t\t\t\t\t\t\t\t\t\t\t\t\t\t<span class=\"elementor-accordion-icon-closed\"><i class=\"fas fa-plus\"><\/i><\/span>\n\t\t\t\t\t\t\t\t<span class=\"elementor-accordion-icon-opened\"><i class=\"fas fa-minus\"><\/i><\/span>\n\t\t\t\t\t\t\t\t\t\t\t\t\t\t<\/span>\n\t\t\t\t\t\t\t\t\t\t\t\t<a class=\"elementor-accordion-title\" tabindex=\"0\">Consulta Completa PJ<\/a>\n\t\t\t\t\t<\/div>\n\t\t\t\t\t<div id=\"elementor-tab-content-1262\" class=\"elementor-tab-content elementor-clearfix\" data-tab=\"2\" role=\"region\" aria-labelledby=\"elementor-tab-title-1262\"><p>Voc\u00ea tem acesso \u00e0s informa\u00e7\u00f5es cadastrais e restritivas em \u00e2mbito nacional, al\u00e9m de informa\u00e7\u00f5es regionalizadas sobre t\u00edtulos protestados do consumidor ou empresa consultada. Ainda \u00e9 poss\u00edvel incluir informa\u00e7\u00f5es de Cheque e Score de Cr\u00e9dito na sua an\u00e1lise com apenas um clique.<\/p><\/div>\n\t\t\t\t<\/div>\n\t\t\t\t\t\t\t<div class=\"elementor-accordion-item\">\n\t\t\t\t\t<div id=\"elementor-tab-title-1263\" class=\"elementor-tab-title\" data-tab=\"3\" role=\"button\" aria-controls=\"elementor-tab-content-1263\" aria-expanded=\"false\">\n\t\t\t\t\t\t\t\t\t\t\t\t\t<span class=\"elementor-accordion-icon elementor-accordion-icon-left\" aria-hidden=\"true\">\n\t\t\t\t\t\t\t\t\t\t\t\t\t\t\t<span class=\"elementor-accordion-icon-closed\"><i class=\"fas fa-plus\"><\/i><\/span>\n\t\t\t\t\t\t\t\t<span class=\"elementor-accordion-icon-opened\"><i class=\"fas fa-minus\"><\/i><\/span>\n\t\t\t\t\t\t\t\t\t\t\t\t\t\t<\/span>\n\t\t\t\t\t\t\t\t\t\t\t\t<a class=\"elementor-accordion-title\" tabindex=\"0\">Consulta Completa PF<\/a>\n\t\t\t\t\t<\/div>\n\t\t\t\t\t<div id=\"elementor-tab-content-1263\" class=\"elementor-tab-content elementor-clearfix\" data-tab=\"3\" role=\"region\" aria-labelledby=\"elementor-tab-title-1263\"><p>Dados retornados na consulta: Servi\u00e7o de Prote\u00e7\u00e3o ao Cr\u00e9dito, pend\u00eancias financeiras, cheques irregulares, protestos estaduais, confirma\u00e7\u00e3o de nome na Receita Federal, telefones vinculados ao documento, confirma\u00e7\u00e3o de endere\u00e7o por telefone.<\/p><\/div>\n\t\t\t\t<\/div>\n\t\t\t\t\t\t\t<div class=\"elementor-accordion-item\">\n\t\t\t\t\t<div id=\"elementor-tab-title-1264\" class=\"elementor-tab-title\" data-tab=\"4\" role=\"button\" aria-controls=\"elementor-tab-content-1264\" aria-expanded=\"false\">\n\t\t\t\t\t\t\t\t\t\t\t\t\t<span class=\"elementor-accordion-icon elementor-accordion-icon-left\" aria-hidden=\"true\">\n\t\t\t\t\t\t\t\t\t\t\t\t\t\t\t<span class=\"elementor-accordion-icon-closed\"><i class=\"fas fa-plus\"><\/i><\/span>\n\t\t\t\t\t\t\t\t<span class=\"elementor-accordion-icon-opened\"><i class=\"fas fa-minus\"><\/i><\/span>\n\t\t\t\t\t\t\t\t\t\t\t\t\t\t<\/span>\n\t\t\t\t\t\t\t\t\t\t\t\t<a class=\"elementor-accordion-title\" tabindex=\"0\">Restri\u00e7\u00e3o Financeira<\/a>\n\t\t\t\t\t<\/div>\n\t\t\t\t\t<div id=\"elementor-tab-content-1264\" class=\"elementor-tab-content elementor-clearfix\" data-tab=\"4\" role=\"region\" aria-labelledby=\"elementor-tab-title-1264\"><p>Protestos estaduais;<br \/>Pend\u00eancias financeiras;<br \/>D\u00edvidas vencidas de pessoas f\u00edsicas e empresas;<br \/>Nome do titular do CPF e situa\u00e7\u00e3o do documento;<br \/>Raz\u00e3o social do CNPJ e situa\u00e7\u00e3o do documento;<br \/>Endere\u00e7o e telefone relativos ao documento consultado;<br \/>Cheques sem fundos, roubados, sustados, cancelados ou extraviados.<br \/>Para essa consulta, basta indicar o CPF ou CNPJ do cliente e os dados do cheque, caso a opera\u00e7\u00e3o envolva esse meio de pagamento.<\/p><\/div>\n\t\t\t\t<\/div>\n\t\t\t\t\t\t\t<div class=\"elementor-accordion-item\">\n\t\t\t\t\t<div id=\"elementor-tab-title-1265\" class=\"elementor-tab-title\" data-tab=\"5\" role=\"button\" aria-controls=\"elementor-tab-content-1265\" aria-expanded=\"false\">\n\t\t\t\t\t\t\t\t\t\t\t\t\t<span class=\"elementor-accordion-icon elementor-accordion-icon-left\" aria-hidden=\"true\">\n\t\t\t\t\t\t\t\t\t\t\t\t\t\t\t<span class=\"elementor-accordion-icon-closed\"><i class=\"fas fa-plus\"><\/i><\/span>\n\t\t\t\t\t\t\t\t<span class=\"elementor-accordion-icon-opened\"><i class=\"fas fa-minus\"><\/i><\/span>\n\t\t\t\t\t\t\t\t\t\t\t\t\t\t<\/span>\n\t\t\t\t\t\t\t\t\t\t\t\t<a class=\"elementor-accordion-title\" tabindex=\"0\">Consulta Veicular<\/a>\n\t\t\t\t\t<\/div>\n\t\t\t\t\t<div id=\"elementor-tab-content-1265\" class=\"elementor-tab-content elementor-clearfix\" data-tab=\"5\" role=\"region\" aria-labelledby=\"elementor-tab-title-1265\"><p>Nome do propriet\u00e1rio atual;<br \/>Caracter\u00edsticas do ve\u00edculo (ano fabrica\u00e7\u00e3o, ano modelo, chassi, CNPJ faturado, combust\u00edvel, cor, marca, munic\u00edpio, n\u00famero motor, placa, proced\u00eancia, renavam, situa\u00e7\u00e3o ve\u00edculo, tipo, tipo remarca\u00e7\u00e3o, uf, \u00faltima atualiza\u00e7\u00e3o);<br \/>D\u00e9bitos e multas estaduais (IPVA e licenciamento, multas, valor do d\u00e9bito de IPVA, licenciamento, multas e DPVAT);<br \/>Restri\u00e7\u00f5es do ve\u00edculo (roubo\/furto, aliena\u00e7\u00e3o, bloqueios DETRAN);<br \/>Traz ainda em sua resposta as informa\u00e7\u00f5es de Perda Total, Leil\u00e3o com foto e Agregados.<\/p><\/div>\n\t\t\t\t<\/div>\n\t\t\t\t\t\t\t<div class=\"elementor-accordion-item\">\n\t\t\t\t\t<div id=\"elementor-tab-title-1266\" class=\"elementor-tab-title\" data-tab=\"6\" role=\"button\" aria-controls=\"elementor-tab-content-1266\" aria-expanded=\"false\">\n\t\t\t\t\t\t\t\t\t\t\t\t\t<span class=\"elementor-accordion-icon elementor-accordion-icon-left\" aria-hidden=\"true\">\n\t\t\t\t\t\t\t\t\t\t\t\t\t\t\t<span class=\"elementor-accordion-icon-closed\"><i class=\"fas fa-plus\"><\/i><\/span>\n\t\t\t\t\t\t\t\t<span class=\"elementor-accordion-icon-opened\"><i class=\"fas fa-minus\"><\/i><\/span>\n\t\t\t\t\t\t\t\t\t\t\t\t\t\t<\/span>\n\t\t\t\t\t\t\t\t\t\t\t\t<a class=\"elementor-accordion-title\" tabindex=\"0\">Consulta Localiza\u00e7\u00e3o<\/a>\n\t\t\t\t\t<\/div>\n\t\t\t\t\t<div id=\"elementor-tab-content-1266\" class=\"elementor-tab-content elementor-clearfix\" data-tab=\"6\" role=\"region\" aria-labelledby=\"elementor-tab-title-1266\"><p>O Sistema Localiza\u00e7\u00e3o PF \u00e9 a ferramenta mais poderosa para localiza\u00e7\u00e3o de pessoas e empresas para uso legal do mercado.<\/p><\/div>\n\t\t\t\t<\/div>\n\t\t\t\t\t\t\t\t<\/div>\n\t\t\t\t\t\t<\/div>\n\t\t\t\t<\/div>\n\t\t\t\t\t<\/div>\n\t\t<\/div>\n\t\t\t\t\t<\/div>\n\t\t<\/section>\n\t\t\t\t<\/div>\n\t\t","protected":false},"excerpt":{"rendered":"<p>Consulta SCPC Sistema de informa\u00e7\u00f5es cadastrais criado para reduzir os riscos e aumentar a confiabilidade nas opera\u00e7\u00f5es de cr\u00e9dito do com\u00e9rcio varejista, ampliando o acesso aos bens de consumo para os consumidores e protegendo os empres\u00e1rios contra perdas decorrentes da inadimpl\u00eancia. A partir do fornecimento do CPF, NOME, DATA DE NASCIMENTO, N\u00daMERO DE TELEFONE FIXO, [&hellip;]<\/p>\n","protected":false},"author":2,"featured_media":0,"parent":0,"menu_order":0,"comment_status":"closed","ping_status":"closed","template":"elementor_header_footer","meta":{"footnotes":""},"class_list":["post-696","page","type-page","status-publish","hentry"],"_links":{"self":[{"href":"https:\/\/ponterasa.com.br\/consultas\/wp-json\/wp\/v2\/pages\/696","targetHints":{"allow":["GET"]}}],"collection":[{"href":"https:\/\/ponterasa.com.br\/consultas\/wp-json\/wp\/v2\/pages"}],"about":[{"href":"https:\/\/ponterasa.com.br\/consultas\/wp-json\/wp\/v2\/types\/page"}],"author":[{"embeddable":true,"href":"https:\/\/ponterasa.com.br\/consultas\/wp-json\/wp\/v2\/users\/2"}],"replies":[{"embeddable":true,"href":"https:\/\/ponterasa.com.br\/consultas\/wp-json\/wp\/v2\/comments?post=696"}],"version-history":[{"count":37,"href":"https:\/\/ponterasa.com.br\/consultas\/wp-json\/wp\/v2\/pages\/696\/revisions"}],"predecessor-version":[{"id":764,"href":"https:\/\/ponterasa.com.br\/consultas\/wp-json\/wp\/v2\/pages\/696\/revisions\/764"}],"wp:attachment":[{"href":"https:\/\/ponterasa.com.br\/consultas\/wp-json\/wp\/v2\/media?parent=696"}],"curies":[{"name":"wp","href":"https:\/\/api.w.org\/{rel}","templated":true}]}}